{"id":18010,"date":"2025-03-03T13:52:02","date_gmt":"2025-03-03T12:52:02","guid":{"rendered":"https:\/\/www.sling.si\/rendering-job-preparation-for-multiple-gpus-in-an-hpc-cluster\/"},"modified":"2025-03-03T13:52:03","modified_gmt":"2025-03-03T12:52:03","slug":"rendering-job-preparation-for-multiple-gpus-in-an-hpc-cluster","status":"publish","type":"page","link":"https:\/\/www.sling.si\/en\/rendering-job-preparation-for-multiple-gpus-in-an-hpc-cluster\/","title":{"rendered":"Rendering job preparation for multiple GPUs in an HPC cluster"},"content":{"rendered":"\n<p>Slovenski nacionalni kompeten\u010dni center deluje v okviru Slovenskega nacionalnega superra\u010dunalni\u0161kega omre\u017eja SLING, ki spodbuja kori\u0161\u010denje superra\u010dunalni\u0161kih (HPC) zmogljivosti za potrebe znanstvenih in industrijskih raziskav, na akademskem podro\u010dju ter pri zagotavljanju javnih storitev. Spodbuja dvig znanja v Sloveniji na prodro\u010dju superra\u010dunalni\u0161tva ter pove\u010dati ozave\u0161\u010denost o vseh prednostih, ki jih prina\u0161a ta tehnologija. <\/p>\n\n<div class=\"wp-block-media-text is-stacked-on-mobile\"><figure class=\"wp-block-media-text__media\"><img decoding=\"async\" src=\"data:image\/svg+xml,%3Csvg%20width%3D%224%22%20height%3D%223%22%20xmlns%3D%22http:\/\/www.w3.org\/2000\/svg%22%20viewBox%3D%220%200%204%203%22%3E%3C\/svg%3E\" alt class=\"fy-content-image fy-lazy js-lazy wp-image-18001 size-full\" data-src=\"https:\/\/www.sling.si\/wp-content\/uploads\/2025\/03\/Gostol-pekovksa-linija-1024x575.jpg\"><div class=\"fy-image-loading fy-image-loading--spinner\" aria-hidden=\"true\"><\/div><\/figure><div class=\"wp-block-media-text__content\">\n<p>GOSTOL \u2013 GOPAN is a global provider of integrated industrial solutions for medium-sized and large industrial bakeries, including equipment for dough mixing, dividing, molding, proofing, baking and cooling. Complete adaptability to the buyer&#8217;s needs, more than 70 years of experience in the field of baking industry, technically and technologically sophisticated, energy-efficient equipment, innovativeness and reliability are our main qualities. <\/p>\n\n\n\n<p>Image: Industrial bakery line for free-baked long loaves<\/p>\n<\/div><\/div>\n\n<p><\/p>\n\n<p><br\/>In this case we wanted to achieve two goals. The <strong>first<\/strong> was to demonstrate to the customer that using a GPU cluster is a much faster and cheaper solution than using a powerful workstation. We achieved this by comparing the time needed to finish the same computations on one workstation and on multiple GPU nodes. <\/p>\n\n<p>The <strong>second<\/strong> was to prepare a simple and intuitive application that allows the user to upload the blend file, define the frame range to be rendered and the number of GPU nodes available. The application prepares the job scripts for each node by splitting the desired frame range into multiple sets of frame ranges for each GPU on a single node. This way we can automate the process of job scripts preparation, optimize resources allocation and evenly distribute the workload among nodes and GPUs.  <\/p>\n\n<div class=\"wp-block-cover alignfull is-light\" style=\"margin-top:0;margin-bottom:0;padding-top:var(--wp--preset--spacing--20);padding-bottom:var(--wp--preset--spacing--20);min-height:565px;aspect-ratio:unset;\"><span aria-hidden=\"true\" class=\"wp-block-cover__background has-cnt-ac-background-color has-background-dim-100 has-background-dim\"><\/span><div class=\"wp-block-cover__inner-container is-layout-flow wp-block-cover-is-layout-flow\">\n<h2 class=\"wp-block-heading has-text-align-center has-black-color has-text-color has-link-color wp-elements-de1071a6a72fe870eb5a014bee1ea50c\" style=\"padding-top:var(--wp--preset--spacing--50);padding-bottom:var(--wp--preset--spacing--50)\"><strong>Benefits of supercomputing to the business:<\/strong><\/h2>\n\n\n\n<div class=\"wp-block-group is-layout-constrained wp-block-group-is-layout-constrained\" style=\"padding-top:0;padding-bottom:0\">\n<ul class=\"wp-block-list has-black-color has-cnt-ac-background-color has-text-color has-background has-link-color wp-elements-2360e52f21c463595d89719cd0e7bfe1\">\n<li class=\"has-cnt-color has-text-color has-link-color wp-elements-d773a8d2cd382e21a7eed1a0a10ddea1\"><strong>Simulation time significantly reduced<\/strong><\/li>\n\n\n\n<li class=\"has-cnt-color has-text-color has-link-color wp-elements-603eeb990dcd2d4060fa4c6d9d503584\"><strong>Lower operational costs<\/strong><\/li>\n\n\n\n<li class=\"has-cnt-color has-text-color has-link-color wp-elements-f71e601e748e15c6cb396156004591fe\"><strong>Enhanced graphic visualizations<\/strong><\/li>\n\n\n\n<li class=\"has-cnt-color has-text-color has-link-color wp-elements-cac4a6933097c880b28bb9a3f2da9e62\"><strong>Boosted response to peak demands<\/strong><\/li>\n<\/ul>\n<\/div>\n<\/div><\/div>\n\n<div class=\"wp-block-group is-layout-constrained wp-block-group-is-layout-constrained\"><\/div>\n\n<div class=\"wp-block-buttons is-content-justification-center is-layout-flex wp-container-core-buttons-is-layout-16018d1d wp-block-buttons-is-layout-flex\">\n<div class=\"wp-block-button\"><a class=\"wp-block-button__link has-cnt-background-color has-background wp-element-button\" href=\"https:\/\/www.sling.si\/wp-content\/uploads\/2025\/03\/EuroCC2_NCC-success_stories_Gostol_gopan.pdf\" style=\"border-radius:30px\">Read the full text<\/a><\/div>\n<\/div>\n","protected":false},"excerpt":{"rendered":"<p>Slovenski nacionalni kompeten\u010dni center deluje v okviru Slovenskega nacionalnega superra\u010dunalni\u0161kega omre\u017eja SLING, ki spodbuja kori\u0161\u010denje superra\u010dunalni\u0161kih (HPC) zmogljivosti za potrebe znanstvenih in industrijskih raziskav, na akademskem podro\u010dju ter pri zagotavljanju &#8230;<\/p>\n","protected":false},"author":10,"featured_media":15361,"parent":0,"menu_order":0,"comment_status":"closed","ping_status":"closed","template":"","meta":{"_acf_changed":false,"footnotes":""},"class_list":["post-18010","page","type-page","status-publish","has-post-thumbnail","hentry"],"acf":[],"aioseo_notices":[],"_links":{"self":[{"href":"https:\/\/www.sling.si\/en\/wp-json\/wp\/v2\/pages\/18010","targetHints":{"allow":["GET"]}}],"collection":[{"href":"https:\/\/www.sling.si\/en\/wp-json\/wp\/v2\/pages"}],"about":[{"href":"https:\/\/www.sling.si\/en\/wp-json\/wp\/v2\/types\/page"}],"author":[{"embeddable":true,"href":"https:\/\/www.sling.si\/en\/wp-json\/wp\/v2\/users\/10"}],"replies":[{"embeddable":true,"href":"https:\/\/www.sling.si\/en\/wp-json\/wp\/v2\/comments?post=18010"}],"version-history":[{"count":1,"href":"https:\/\/www.sling.si\/en\/wp-json\/wp\/v2\/pages\/18010\/revisions"}],"predecessor-version":[{"id":18011,"href":"https:\/\/www.sling.si\/en\/wp-json\/wp\/v2\/pages\/18010\/revisions\/18011"}],"wp:featuredmedia":[{"embeddable":true,"href":"https:\/\/www.sling.si\/en\/wp-json\/wp\/v2\/media\/15361"}],"wp:attachment":[{"href":"https:\/\/www.sling.si\/en\/wp-json\/wp\/v2\/media?parent=18010"}],"curies":[{"name":"wp","href":"https:\/\/api.w.org\/{rel}","templated":true}]}}